{"id":68,"date":"2015-05-25T00:26:15","date_gmt":"2015-05-25T00:26:15","guid":{"rendered":"http:\/\/isas.com.br\/?page_id=68"},"modified":"2025-01-11T11:22:53","modified_gmt":"2025-01-11T11:22:53","slug":"natacao","status":"publish","type":"page","link":"http:\/\/isas.com.br\/index.php\/natacao\/","title":{"rendered":"Nata\u00e7\u00e3o"},"content":{"rendered":"<p style=\"text-align: justify;\"><img decoding=\"async\" loading=\"lazy\" class=\" wp-image-69 aligncenter\" src=\"http:\/\/isas.com.br\/wp-content\/uploads\/2015\/05\/nataaa-300x180.jpg\" alt=\"Woman swimming in a pool\" width=\"392\" height=\"235\" srcset=\"http:\/\/isas.com.br\/wp-content\/uploads\/2015\/05\/nataaa-300x180.jpg 300w, http:\/\/isas.com.br\/wp-content\/uploads\/2015\/05\/nataaa.jpg 460w\" sizes=\"(max-width: 392px) 100vw, 392px\" \/><\/p>\n<p style=\"text-align: justify;\">Esportes que trabalha todos os grupamentos musculares, ajuda a reduzir a gordura corporal, alivia as tens\u00f5es do dia a dia e acelera a recupera\u00e7\u00e3o de les\u00f5es.<\/p>\n<p style=\"text-align: center;\"><a href=\"http:\/\/isas.com.br\/wp-content\/uploads\/2015\/05\/20170120_145700_1484931793483_resized.jpg\"><img decoding=\"async\" loading=\"lazy\" class=\" wp-image-829 aligncenter\" src=\"http:\/\/isas.com.br\/wp-content\/uploads\/2015\/05\/20170120_145700_1484931793483_resized-300x42.jpg\" alt=\"20170120_145700_1484931793483_resized\" width=\"493\" height=\"69\" srcset=\"http:\/\/isas.com.br\/wp-content\/uploads\/2015\/05\/20170120_145700_1484931793483_resized-300x42.jpg 300w, http:\/\/isas.com.br\/wp-content\/uploads\/2015\/05\/20170120_145700_1484931793483_resized-1024x144.jpg 1024w\" sizes=\"(max-width: 493px) 100vw, 493px\" \/><\/a><\/p>\n<p style=\"text-align: justify;\"><strong>Hor\u00e1rios das aulas:<\/strong><\/p>\n<p style=\"text-align: justify;\"><strong>2\u00ba , 4\u00ba e 6\u00ba &#8211; 07:00h \/ 08:00h \/ 08:45h \/ 15:15h \/ 16:50h \/ 17:35h\u00a0<\/strong><\/p>\n<p style=\"text-align: justify;\"><strong>6\u00b0 &#8211; 18:20h\u00a0<\/strong><\/p>\n<p style=\"text-align: justify;\"><strong>3\u00ba e 5\u00ba &#8211; 08:00h \/ 08:45h \/ 15:15h \/\u00a0<strong>16:50h \/ 17:35h \/ 18:20h\u00a0\u00a0<\/strong><\/strong><\/p>\n<p><strong>1x semana: R$ 125,00<\/strong><br \/>\n<strong>2x semana: R$ 160,00<\/strong><br \/>\n<strong>3x semana: R$ 190,00<\/strong><br \/>\n<strong>4x semana: R$ 210,00<\/strong><br \/>\n<strong>5x semana: R$ 245,00<\/strong><\/p>\n","protected":false},"excerpt":{"rendered":"<p>Esportes que trabalha todos os grupamentos musculares, ajuda a reduzir a gordura corporal, alivia as tens\u00f5es do dia a dia e acelera a recupera\u00e7\u00e3o de les\u00f5es. Hor\u00e1rios das aulas: 2\u00ba , 4\u00ba e 6\u00ba &#8211; 07:00h \/ 08:00h \/ 08:45h \/ 15:15h \/ 16:50h \/ 17:35h\u00a0 6\u00b0 &#8211; 18:20h\u00a0 3\u00ba e 5\u00ba &#8211; 08:00h \/ [&hellip;]<\/p>\n","protected":false},"author":1,"featured_media":0,"parent":0,"menu_order":0,"comment_status":"open","ping_status":"open","template":"","meta":[],"_links":{"self":[{"href":"http:\/\/isas.com.br\/index.php\/wp-json\/wp\/v2\/pages\/68"}],"collection":[{"href":"http:\/\/isas.com.br\/index.php\/wp-json\/wp\/v2\/pages"}],"about":[{"href":"http:\/\/isas.com.br\/index.php\/wp-json\/wp\/v2\/types\/page"}],"author":[{"embeddable":true,"href":"http:\/\/isas.com.br\/index.php\/wp-json\/wp\/v2\/users\/1"}],"replies":[{"embeddable":true,"href":"http:\/\/isas.com.br\/index.php\/wp-json\/wp\/v2\/comments?post=68"}],"version-history":[{"count":17,"href":"http:\/\/isas.com.br\/index.php\/wp-json\/wp\/v2\/pages\/68\/revisions"}],"predecessor-version":[{"id":1925,"href":"http:\/\/isas.com.br\/index.php\/wp-json\/wp\/v2\/pages\/68\/revisions\/1925"}],"wp:attachment":[{"href":"http:\/\/isas.com.br\/index.php\/wp-json\/wp\/v2\/media?parent=68"}],"curies":[{"name":"wp","href":"https:\/\/api.w.org\/{rel}","templated":true}]}}