{"id":45,"date":"2015-05-24T21:06:58","date_gmt":"2015-05-24T21:06:58","guid":{"rendered":"http:\/\/isas.com.br\/?page_id=45"},"modified":"2025-01-22T18:25:01","modified_gmt":"2025-01-22T18:25:01","slug":"musculacao","status":"publish","type":"page","link":"http:\/\/isas.com.br\/index.php\/musculacao\/","title":{"rendered":"PERSONAL TRAINER"},"content":{"rendered":"<p><img decoding=\"async\" loading=\"lazy\" class=\"alignnone wp-image-46 aligncenter\" src=\"http:\/\/isas.com.br\/wp-content\/uploads\/2015\/05\/muscula\u00e7\u00e3o-300x200.jpg\" alt=\"muscula\u00e7\u00e3o\" width=\"389\" height=\"259\" srcset=\"http:\/\/isas.com.br\/wp-content\/uploads\/2015\/05\/muscula\u00e7\u00e3o-300x200.jpg 300w, http:\/\/isas.com.br\/wp-content\/uploads\/2015\/05\/muscula\u00e7\u00e3o.jpg 450w\" sizes=\"(max-width: 389px) 100vw, 389px\" \/><\/p>\n<p style=\"text-align: justify;\">Atividade voltada para melhora do condicionamento f\u00edsico e bem-estar. Buscando promover uma melhor qualidade de vida, tanto na forma f\u00edsica quanto na\u00a0 preven\u00e7\u00e3o pr\u00e9-operat\u00f3ria e recupera\u00e7\u00e3o p\u00f3s-operat\u00f3ria. Studio com treinamento funcional, assim como a prescri\u00e7\u00e3o espec\u00edfica para sua necessidade.\u00a0<\/p>\n<p>Atendemos at\u00e9 4 alunos por professor sendo 1 ou 2 professores por hor\u00e1rio, visando um atendimento personalizado.<\/p>\n<p>\u00a0<\/p>\n<p style=\"text-align: center;\"><em><strong>TRABALHO COM PERSONAL TRAINER\u00a0<\/strong><\/em><\/p>\n<p style=\"text-align: center;\"><em><strong> HOR\u00c1RIOS AGENDADOS!<\/strong><\/em><\/p>\n<p style=\"text-align: justify;\"><strong>Hor\u00e1rios das aulas:<\/strong><\/p>\n<p style=\"text-align: justify;\"><strong>2\u00ba a 6\u00ba &#8211; 06h00 \u00e0s 12h00 \/ 14h00 \u00e0s 19h00 ( APENAS HOR\u00c1RIOS AGENDADOS)<\/strong><\/p>\n<p style=\"text-align: justify;\"><strong>2x semana: R$ 290,00<\/strong><\/p>\n<p style=\"text-align: justify;\"><strong>3x semana: R$ 390,00<\/strong><\/p>\n<p style=\"text-align: justify;\"><strong>4x semana: R$ 510,00<\/strong><\/p>\n<p style=\"text-align: justify;\"><strong>5x semana: R$ 600,00<\/strong><\/p>\n<p style=\"text-align: center;\">\u00a0<\/p>\n\n\n<figure class=\"wp-block-gallery has-nested-images columns-default is-cropped wp-block-gallery-1 is-layout-flex\"><\/figure>\n\n\n\n<figure class=\"wp-block-gallery has-nested-images columns-default is-cropped wp-block-gallery-3 is-layout-flex\"><\/figure>\n","protected":false},"excerpt":{"rendered":"<p>Atividade voltada para melhora do condicionamento f\u00edsico e bem-estar. Buscando promover uma melhor qualidade de vida, tanto na forma f\u00edsica quanto na\u00a0 preven\u00e7\u00e3o pr\u00e9-operat\u00f3ria e recupera\u00e7\u00e3o p\u00f3s-operat\u00f3ria. Studio com treinamento funcional, assim como a prescri\u00e7\u00e3o espec\u00edfica para sua necessidade.\u00a0 Atendemos at\u00e9 4 alunos por professor sendo 1 ou 2 professores por hor\u00e1rio, visando um atendimento [&hellip;]<\/p>\n","protected":false},"author":1,"featured_media":0,"parent":0,"menu_order":0,"comment_status":"open","ping_status":"open","template":"","meta":[],"_links":{"self":[{"href":"http:\/\/isas.com.br\/index.php\/wp-json\/wp\/v2\/pages\/45"}],"collection":[{"href":"http:\/\/isas.com.br\/index.php\/wp-json\/wp\/v2\/pages"}],"about":[{"href":"http:\/\/isas.com.br\/index.php\/wp-json\/wp\/v2\/types\/page"}],"author":[{"embeddable":true,"href":"http:\/\/isas.com.br\/index.php\/wp-json\/wp\/v2\/users\/1"}],"replies":[{"embeddable":true,"href":"http:\/\/isas.com.br\/index.php\/wp-json\/wp\/v2\/comments?post=45"}],"version-history":[{"count":21,"href":"http:\/\/isas.com.br\/index.php\/wp-json\/wp\/v2\/pages\/45\/revisions"}],"predecessor-version":[{"id":1961,"href":"http:\/\/isas.com.br\/index.php\/wp-json\/wp\/v2\/pages\/45\/revisions\/1961"}],"wp:attachment":[{"href":"http:\/\/isas.com.br\/index.php\/wp-json\/wp\/v2\/media?parent=45"}],"curies":[{"name":"wp","href":"https:\/\/api.w.org\/{rel}","templated":true}]}}