{"id":4,"date":"2015-05-24T20:14:02","date_gmt":"2015-05-24T20:14:02","guid":{"rendered":"http:\/\/isas.com.br\/?page_id=4"},"modified":"2024-10-01T14:08:20","modified_gmt":"2024-10-01T14:08:20","slug":"servicos","status":"publish","type":"page","link":"http:\/\/isas.com.br\/index.php\/servicos\/","title":{"rendered":"Servi\u00e7os"},"content":{"rendered":"\n<p>No ISAS voc\u00ea est\u00e1 em \u00f3timas m\u00e3os! Nossos profissionais s\u00e3o qualificados, prontos para melhor atender!<\/p>\n\n\n\n<h3 class=\"wp-block-heading\"><strong>Servi\u00e7os realizados:<\/strong><\/h3>\n\n\n\n<p><strong><span style=\"color: #000080;\">&#8211; <a style=\"color: #000080;\" href=\"http:\/\/isas.com.br\/index.php\/fisioterapia\/\">Fisioterapia<\/a>:<\/span><br><\/strong><em>&nbsp; &nbsp; &nbsp; &nbsp; &nbsp; &nbsp; &nbsp; &nbsp; &nbsp; &nbsp; &nbsp; &nbsp; <span style=\"color: #ffff00;\">&nbsp; <span style=\"color: #808080;\">&nbsp; <strong>&#8211; Drenagem Linf\u00e1tica<\/strong><\/span><\/span><\/em><br><span style=\"color: #808080;\"><strong><em>&nbsp; &nbsp; &nbsp; &nbsp; &nbsp; &nbsp; &nbsp; &nbsp; &nbsp; &nbsp; &nbsp; &nbsp; &nbsp; &nbsp; &#8211; Massagem<\/em><\/strong><\/span><br><span style=\"color: #808080;\"><strong><em>&nbsp; &nbsp; &nbsp; &nbsp; &nbsp; &nbsp; &nbsp; &nbsp; &nbsp; &nbsp; &nbsp; &nbsp; &nbsp; &nbsp; &#8211; Neurologia adulto e infantil<\/em><\/strong><\/span><br><span style=\"color: #808080;\"><strong><em>&nbsp; &nbsp; &nbsp; &nbsp; &nbsp; &nbsp; &nbsp; &nbsp; &nbsp; &nbsp; &nbsp; &nbsp; &nbsp; &nbsp; &#8211; Pediatria (Bobath)<\/em><\/strong><\/span><br><span style=\"color: #808080;\"><strong><em>&nbsp; &nbsp; &nbsp; &nbsp; &nbsp; &nbsp; &nbsp; &nbsp; &nbsp; &nbsp; &nbsp; &nbsp; &nbsp; &nbsp; &#8211; Bandagem Funcional<\/em><\/strong><\/span><br><span style=\"color: #808080;\"><strong><em>&nbsp; &nbsp; &nbsp; &nbsp; &nbsp; &nbsp; &nbsp; &nbsp; &nbsp; &nbsp; &nbsp; &nbsp; &nbsp; &nbsp; &#8211; Geriatria<\/em><\/strong><\/span><br><span style=\"color: #808080;\"><strong><em>&nbsp; &nbsp; &nbsp; &nbsp; &nbsp; &nbsp; &nbsp; &nbsp; &nbsp; &nbsp; &nbsp; &nbsp; &nbsp; &nbsp; &#8211; Respirat\u00f3ria<\/em><\/strong><\/span><br><span style=\"color: #808080;\"><strong><em>&nbsp; &nbsp; &nbsp; &nbsp; &nbsp; &nbsp; &nbsp; &nbsp; &nbsp; &nbsp; &nbsp; &nbsp; &nbsp; &nbsp; &#8211; Uroginecologia<\/em><\/strong><\/span><br><span style=\"color: #808080;\"><strong><em>&nbsp; &nbsp; &nbsp; &nbsp; &nbsp; &nbsp; &nbsp; &nbsp; &nbsp; &nbsp; &nbsp; &nbsp; &nbsp; &nbsp; &#8211; Ortopedia<\/em><\/strong><\/span><br><span style=\"color: #808080;\"><strong><em>&nbsp; &nbsp; &nbsp; &nbsp; &nbsp; &nbsp; &nbsp; &nbsp; &nbsp; &nbsp; &nbsp; &nbsp; &nbsp; &nbsp; &#8211; Paralisia Facial<\/em><\/strong><\/span><br><span style=\"color: #000080;\"><strong>&#8211; <a style=\"color: #000080;\" href=\"http:\/\/isas.com.br\/index.php\/pilates\/\">Pilates<\/a><\/strong><\/span><br><span style=\"color: #000080;\"> <strong>&#8211; <a style=\"color: #000080;\" href=\"http:\/\/isas.com.br\/index.php\/rpg\/\">RPG<\/a><\/strong><\/span><br><span style=\"color: #000080;\"> <strong>&#8211; <a style=\"color: #000080;\" href=\"http:\/\/isas.com.br\/index.php\/hidroterapia\/\">Hidroterapia<\/a><\/strong><\/span><br><span style=\"color: #000080;\"> <strong>&#8211; <a style=\"color: #000080;\" href=\"http:\/\/isas.com.br\/index.php\/acupuntura\/\">Acupuntura<\/a><\/strong><\/span><br><span style=\"color: #000080;\"> <strong>&#8211; <a style=\"color: #000080;\" href=\"http:\/\/isas.com.br\/index.php\/musculacao\/\">Personal Trainer<\/a><\/strong><\/span><br><span style=\"color: #000080;\"> <strong>&#8211; <a style=\"color: #000080;\" href=\"http:\/\/isas.com.br\/index.php\/hidroginastica\/\">Hidrogin\u00e1stica<\/a><\/strong><\/span><br><span style=\"color: #000080;\"> <strong>&#8211; <a style=\"color: #000080;\" href=\"http:\/\/isas.com.br\/index.php\/natacao\/\">Nata\u00e7\u00e3o<\/a><\/strong><\/span><br><span style=\"color: #000080;\"><strong><a style=\"color: #000080;\" href=\"http:\/\/isas.com.br\/index.php\/treinamento-funcional\/\">&#8211; Treinamento Funcional<\/a><a style=\"color: #000080;\" href=\"http:\/\/isas.com.br\/index.php\/nutricionista\/\"><br><\/a><\/strong><strong><a style=\"color: #000080;\" href=\"http:\/\/isas.com.br\/index.php\/fisioterapia\/\">&#8211; Nutri\u00e7\u00e3o<br><\/a>&#8211;&nbsp;Tecido&nbsp;<\/strong><\/span><span style=\"color: #000080;\"><b>Acrob\u00e1tico<\/b><\/span><\/p>\n\n\n\n<ul>\n<li><strong>N\u00e3o cobramos taxa de matr\u00edcula.<\/strong><\/li>\n\n\n\n<li><strong>Trazer atestado m\u00e9dico no ato da matr\u00edcula<\/strong>.<\/li>\n<\/ul>\n\n\n\n<h4 class=\"wp-block-heading\">Conv\u00eanios<\/h4>\n\n\n<div class=\"wp-block-image\">\n<figure class=\"aligncenter size-full is-resized\"><a href=\"http:\/\/isas.com.br\/wp-content\/uploads\/2023\/10\/parceiros-logo-unimed.png\"><img decoding=\"async\" loading=\"lazy\" src=\"http:\/\/isas.com.br\/wp-content\/uploads\/2023\/10\/parceiros-logo-unimed.png\" alt=\"\" class=\"wp-image-1825\" width=\"235\" height=\"156\" srcset=\"http:\/\/isas.com.br\/wp-content\/uploads\/2023\/10\/parceiros-logo-unimed.png 300w, http:\/\/isas.com.br\/wp-content\/uploads\/2023\/10\/parceiros-logo-unimed-50x33.png 50w\" sizes=\"(max-width: 235px) 100vw, 235px\" \/><\/a><\/figure><\/div>\n\n<div class=\"wp-block-image\">\n<figure class=\"aligncenter\"><img decoding=\"async\" loading=\"lazy\" width=\"120\" height=\"160\" src=\"http:\/\/isas.com.br\/wp-content\/uploads\/2018\/10\/DPRO.png\" alt=\"\" class=\"wp-image-1258\"\/><\/figure><\/div>","protected":false},"excerpt":{"rendered":"<p>No ISAS voc\u00ea est\u00e1 em \u00f3timas m\u00e3os! Nossos profissionais s\u00e3o qualificados, prontos para melhor atender! Servi\u00e7os realizados: &#8211; Fisioterapia:&nbsp; &nbsp; &nbsp; &nbsp; &nbsp; &nbsp; &nbsp; &nbsp; &nbsp; &nbsp; &nbsp; &nbsp; &nbsp; &nbsp; &#8211; Drenagem Linf\u00e1tica&nbsp; &nbsp; &nbsp; &nbsp; &nbsp; &nbsp; &nbsp; &nbsp; &nbsp; &nbsp; &nbsp; &nbsp; &nbsp; &nbsp; &#8211; Massagem&nbsp; &nbsp; &nbsp; &nbsp; &nbsp; &nbsp; [&hellip;]<\/p>\n","protected":false},"author":1,"featured_media":0,"parent":0,"menu_order":0,"comment_status":"open","ping_status":"open","template":"","meta":[],"_links":{"self":[{"href":"http:\/\/isas.com.br\/index.php\/wp-json\/wp\/v2\/pages\/4"}],"collection":[{"href":"http:\/\/isas.com.br\/index.php\/wp-json\/wp\/v2\/pages"}],"about":[{"href":"http:\/\/isas.com.br\/index.php\/wp-json\/wp\/v2\/types\/page"}],"author":[{"embeddable":true,"href":"http:\/\/isas.com.br\/index.php\/wp-json\/wp\/v2\/users\/1"}],"replies":[{"embeddable":true,"href":"http:\/\/isas.com.br\/index.php\/wp-json\/wp\/v2\/comments?post=4"}],"version-history":[{"count":57,"href":"http:\/\/isas.com.br\/index.php\/wp-json\/wp\/v2\/pages\/4\/revisions"}],"predecessor-version":[{"id":1913,"href":"http:\/\/isas.com.br\/index.php\/wp-json\/wp\/v2\/pages\/4\/revisions\/1913"}],"wp:attachment":[{"href":"http:\/\/isas.com.br\/index.php\/wp-json\/wp\/v2\/media?parent=4"}],"curies":[{"name":"wp","href":"https:\/\/api.w.org\/{rel}","templated":true}]}}