{"id":37,"date":"2015-05-24T20:57:43","date_gmt":"2015-05-24T20:57:43","guid":{"rendered":"http:\/\/isas.com.br\/?page_id=37"},"modified":"2025-01-11T11:18:37","modified_gmt":"2025-01-11T11:18:37","slug":"acupuntura","status":"publish","type":"page","link":"http:\/\/isas.com.br\/index.php\/acupuntura\/","title":{"rendered":"Acupuntura"},"content":{"rendered":"<p><img decoding=\"async\" loading=\"lazy\" class=\"aligncenter wp-image-38\" src=\"http:\/\/isas.com.br\/wp-content\/uploads\/2015\/05\/260202649-acupuntura-300x225.jpg\" alt=\"260202649-acupuntura\" width=\"393\" height=\"295\" srcset=\"http:\/\/isas.com.br\/wp-content\/uploads\/2015\/05\/260202649-acupuntura-300x225.jpg 300w, http:\/\/isas.com.br\/wp-content\/uploads\/2015\/05\/260202649-acupuntura-1024x769.jpg 1024w, http:\/\/isas.com.br\/wp-content\/uploads\/2015\/05\/260202649-acupuntura.jpg 1600w\" sizes=\"(max-width: 393px) 100vw, 393px\" \/><\/p>\n<p>M\u00e9todo terap\u00eautico da medicina tradicional chinesa, se baseia na inser\u00e7\u00e3o de agulhas ou sementes em pontos espec\u00edficos do corpo com o objetivo de equilibr\u00e1-los; melhora a circula\u00e7\u00e3o e desbloqueia os canais de energia, a fim de restaurar e manter a sa\u00fade e bem-estar do corpo.<\/p>\n<p><a href=\"http:\/\/isas.com.br\/wp-content\/uploads\/2015\/05\/20170120_153002_resized.jpg\"><img decoding=\"async\" loading=\"lazy\" class=\" wp-image-848 aligncenter\" src=\"http:\/\/isas.com.br\/wp-content\/uploads\/2015\/05\/20170120_153002_resized-300x58.jpg\" alt=\"20170120_153002_resized\" width=\"419\" height=\"81\" srcset=\"http:\/\/isas.com.br\/wp-content\/uploads\/2015\/05\/20170120_153002_resized-300x58.jpg 300w, http:\/\/isas.com.br\/wp-content\/uploads\/2015\/05\/20170120_153002_resized-1024x197.jpg 1024w\" sizes=\"(max-width: 419px) 100vw, 419px\" \/><\/a><\/p>\n<p><strong>Consulta R$ 180,00 (Com Aplica\u00e7\u00e3o Sist\u00eamica e Auricular)<\/strong><br \/>\n<strong> Sess\u00e3o R$ 120,00 (Com Aplica\u00e7\u00e3o Sist\u00eamica e Auricular)<\/strong><\/p>\n","protected":false},"excerpt":{"rendered":"<p>M\u00e9todo terap\u00eautico da medicina tradicional chinesa, se baseia na inser\u00e7\u00e3o de agulhas ou sementes em pontos espec\u00edficos do corpo com o objetivo de equilibr\u00e1-los; melhora a circula\u00e7\u00e3o e desbloqueia os canais de energia, a fim de restaurar e manter a sa\u00fade e bem-estar do corpo. Consulta R$ 180,00 (Com Aplica\u00e7\u00e3o Sist\u00eamica e Auricular) Sess\u00e3o R$ [&hellip;]<\/p>\n","protected":false},"author":1,"featured_media":0,"parent":0,"menu_order":0,"comment_status":"open","ping_status":"open","template":"","meta":[],"_links":{"self":[{"href":"http:\/\/isas.com.br\/index.php\/wp-json\/wp\/v2\/pages\/37"}],"collection":[{"href":"http:\/\/isas.com.br\/index.php\/wp-json\/wp\/v2\/pages"}],"about":[{"href":"http:\/\/isas.com.br\/index.php\/wp-json\/wp\/v2\/types\/page"}],"author":[{"embeddable":true,"href":"http:\/\/isas.com.br\/index.php\/wp-json\/wp\/v2\/users\/1"}],"replies":[{"embeddable":true,"href":"http:\/\/isas.com.br\/index.php\/wp-json\/wp\/v2\/comments?post=37"}],"version-history":[{"count":9,"href":"http:\/\/isas.com.br\/index.php\/wp-json\/wp\/v2\/pages\/37\/revisions"}],"predecessor-version":[{"id":1920,"href":"http:\/\/isas.com.br\/index.php\/wp-json\/wp\/v2\/pages\/37\/revisions\/1920"}],"wp:attachment":[{"href":"http:\/\/isas.com.br\/index.php\/wp-json\/wp\/v2\/media?parent=37"}],"curies":[{"name":"wp","href":"https:\/\/api.w.org\/{rel}","templated":true}]}}