{"id":33,"date":"2015-05-24T20:54:46","date_gmt":"2015-05-24T20:54:46","guid":{"rendered":"http:\/\/isas.com.br\/?page_id=33"},"modified":"2025-01-11T11:19:11","modified_gmt":"2025-01-11T11:19:11","slug":"fisioterapia","status":"publish","type":"page","link":"http:\/\/isas.com.br\/index.php\/fisioterapia\/","title":{"rendered":"Fisioterapia"},"content":{"rendered":"<p style=\"text-align: center;\"><img decoding=\"async\" loading=\"lazy\" class=\"aligncenter wp-image-34 \" src=\"http:\/\/isas.com.br\/wp-content\/uploads\/2015\/05\/fisioterapia-300x200.jpg\" alt=\"fisioterapia\" width=\"387\" height=\"258\" srcset=\"http:\/\/isas.com.br\/wp-content\/uploads\/2015\/05\/fisioterapia-300x200.jpg 300w, http:\/\/isas.com.br\/wp-content\/uploads\/2015\/05\/fisioterapia-1024x682.jpg 1024w, http:\/\/isas.com.br\/wp-content\/uploads\/2015\/05\/fisioterapia.jpg 1698w\" sizes=\"(max-width: 387px) 100vw, 387px\" \/><\/p>\n<p>O objetivo da fisioterapia \u00e9 intervir no movimento corporal humano e, por meio do pr\u00f3prio movimento e outros recursos f\u00edsicos, diminuir as disfun\u00e7\u00f5es e desconfortos ocorrentes, ou impedir o aparecimento destes.<\/p>\n<p><a href=\"http:\/\/isas.com.br\/wp-content\/uploads\/2015\/05\/20170125_120738_1485357521074_resized.jpg\"><img decoding=\"async\" loading=\"lazy\" class=\" wp-image-868 aligncenter\" src=\"http:\/\/isas.com.br\/wp-content\/uploads\/2015\/05\/20170125_120738_1485357521074_resized-300x33.jpg\" alt=\"20170125_120738_1485357521074_resized\" width=\"527\" height=\"58\" srcset=\"http:\/\/isas.com.br\/wp-content\/uploads\/2015\/05\/20170125_120738_1485357521074_resized-300x33.jpg 300w, http:\/\/isas.com.br\/wp-content\/uploads\/2015\/05\/20170125_120738_1485357521074_resized-1024x112.jpg 1024w\" sizes=\"(max-width: 527px) 100vw, 527px\" \/><\/a><\/p>\n<p><a href=\"http:\/\/isas.com.br\/wp-content\/uploads\/2015\/05\/20170125_120812_1485357517701_resized.jpg\"><img decoding=\"async\" loading=\"lazy\" class=\" wp-image-869 aligncenter\" src=\"http:\/\/isas.com.br\/wp-content\/uploads\/2015\/05\/20170125_120812_1485357517701_resized-300x34.jpg\" alt=\"20170125_120812_1485357517701_resized\" width=\"529\" height=\"60\" srcset=\"http:\/\/isas.com.br\/wp-content\/uploads\/2015\/05\/20170125_120812_1485357517701_resized-300x34.jpg 300w, http:\/\/isas.com.br\/wp-content\/uploads\/2015\/05\/20170125_120812_1485357517701_resized-1024x117.jpg 1024w\" sizes=\"(max-width: 529px) 100vw, 529px\" \/><\/a><\/p>\n<p><strong>Valor por sess\u00e3o R$ 60,00<\/strong><br \/>\n<strong>Pacote de 10 sess\u00f5es R$ 500,00<\/strong><\/p>\n<p style=\"text-align: center;\">\n","protected":false},"excerpt":{"rendered":"<p>O objetivo da fisioterapia \u00e9 intervir no movimento corporal humano e, por meio do pr\u00f3prio movimento e outros recursos f\u00edsicos, diminuir as disfun\u00e7\u00f5es e desconfortos ocorrentes, ou impedir o aparecimento destes. Valor por sess\u00e3o R$ 60,00 Pacote de 10 sess\u00f5es R$ 500,00<\/p>\n","protected":false},"author":1,"featured_media":0,"parent":0,"menu_order":0,"comment_status":"open","ping_status":"open","template":"","meta":[],"_links":{"self":[{"href":"http:\/\/isas.com.br\/index.php\/wp-json\/wp\/v2\/pages\/33"}],"collection":[{"href":"http:\/\/isas.com.br\/index.php\/wp-json\/wp\/v2\/pages"}],"about":[{"href":"http:\/\/isas.com.br\/index.php\/wp-json\/wp\/v2\/types\/page"}],"author":[{"embeddable":true,"href":"http:\/\/isas.com.br\/index.php\/wp-json\/wp\/v2\/users\/1"}],"replies":[{"embeddable":true,"href":"http:\/\/isas.com.br\/index.php\/wp-json\/wp\/v2\/comments?post=33"}],"version-history":[{"count":17,"href":"http:\/\/isas.com.br\/index.php\/wp-json\/wp\/v2\/pages\/33\/revisions"}],"predecessor-version":[{"id":1921,"href":"http:\/\/isas.com.br\/index.php\/wp-json\/wp\/v2\/pages\/33\/revisions\/1921"}],"wp:attachment":[{"href":"http:\/\/isas.com.br\/index.php\/wp-json\/wp\/v2\/media?parent=33"}],"curies":[{"name":"wp","href":"https:\/\/api.w.org\/{rel}","templated":true}]}}