{"id":144,"date":"2015-06-08T02:07:15","date_gmt":"2015-06-08T02:07:15","guid":{"rendered":"http:\/\/isas.com.br\/?page_id=144"},"modified":"2025-01-11T11:23:22","modified_gmt":"2025-01-11T11:23:22","slug":"hidroterapia","status":"publish","type":"page","link":"http:\/\/isas.com.br\/index.php\/hidroterapia\/","title":{"rendered":"Hidroterapia"},"content":{"rendered":"\n<figure class=\"wp-block-image size-large\"><a href=\"http:\/\/isas.com.br\/wp-content\/uploads\/2024\/02\/hidroterapia.jpg\"><img decoding=\"async\" loading=\"lazy\" width=\"1024\" height=\"994\" src=\"http:\/\/isas.com.br\/wp-content\/uploads\/2024\/02\/hidroterapia-1024x994.jpg\" alt=\"\" class=\"wp-image-1849\" srcset=\"http:\/\/isas.com.br\/wp-content\/uploads\/2024\/02\/hidroterapia-1024x994.jpg 1024w, http:\/\/isas.com.br\/wp-content\/uploads\/2024\/02\/hidroterapia-300x291.jpg 300w, http:\/\/isas.com.br\/wp-content\/uploads\/2024\/02\/hidroterapia-768x745.jpg 768w, http:\/\/isas.com.br\/wp-content\/uploads\/2024\/02\/hidroterapia-50x50.jpg 50w, http:\/\/isas.com.br\/wp-content\/uploads\/2024\/02\/hidroterapia.jpg 1080w\" sizes=\"(max-width: 1024px) 100vw, 1024px\" \/><\/a><\/figure>\n\n\n<p style=\"text-align: justify;\">\u00a0<\/p>\n<p style=\"text-align: justify;\">A hidroterapia, tamb\u00e9m conhecida como fisioterapia aqu\u00e1tica ou aquaterapia, \u00e9 uma atividade terap\u00eautica que consiste na realiza\u00e7\u00e3o de exerc\u00edcios dentro de uma piscina com \u00e1gua em torno dos 34.\u00ba, para acelerar a recupera\u00e7\u00e3o de atletas lesionados ou pacientes com artrite, por exemplo.<\/p>\n<p style=\"text-align: justify;\">Geralmente, a hidroterapia \u00e9 feita por um fisioterapeuta e \u00e9 muito utilizada por gestantes e idosos porque ajuda no tratamento de:<\/p>\n<ul>\n<li style=\"text-align: justify;\">Artrite, artrose ou reumatismo;<\/li>\n<li style=\"text-align: justify;\">Problemas ortop\u00e9dicos, como fraturas ou h\u00e9rnias discais;<\/li>\n<li style=\"text-align: justify;\">Les\u00f5es musculares;<\/li>\n<li style=\"text-align: justify;\">Dores articulares;<\/li>\n<li style=\"text-align: justify;\">Incha\u00e7o nas pernas;<\/li>\n<li style=\"text-align: justify;\">Dificuldade respirat\u00f3ria;<\/li>\n<li style=\"text-align: justify;\">Problemas neurol\u00f3gicos.<\/li>\n<\/ul>\n<p style=\"text-align: center;\"><a href=\"http:\/\/isas.com.br\/wp-content\/uploads\/2015\/05\/20170120_145700_1484931793483_resized.jpg\"><img decoding=\"async\" loading=\"lazy\" class=\" wp-image-829 aligncenter\" src=\"http:\/\/isas.com.br\/wp-content\/uploads\/2015\/05\/20170120_145700_1484931793483_resized-300x42.jpg\" alt=\"20170120_145700_1484931793483_resized\" width=\"407\" height=\"57\" srcset=\"http:\/\/isas.com.br\/wp-content\/uploads\/2015\/05\/20170120_145700_1484931793483_resized-300x42.jpg 300w, http:\/\/isas.com.br\/wp-content\/uploads\/2015\/05\/20170120_145700_1484931793483_resized-1024x144.jpg 1024w\" sizes=\"(max-width: 407px) 100vw, 407px\" \/><\/a><\/p>\n<p><strong>Valor por sess\u00e3o R$ 60,00\u00a0<\/strong><br \/><strong>Pacote de 10 sess\u00f5es R$ 500,00<\/strong><\/p>\n\n\n<figure class=\"wp-block-image size-large\"><a href=\"http:\/\/isas.com.br\/wp-content\/uploads\/2024\/02\/hidro.jpg\"><img decoding=\"async\" loading=\"lazy\" width=\"1024\" height=\"994\" src=\"http:\/\/isas.com.br\/wp-content\/uploads\/2024\/02\/hidro-1024x994.jpg\" alt=\"\" class=\"wp-image-1845\" srcset=\"http:\/\/isas.com.br\/wp-content\/uploads\/2024\/02\/hidro-1024x994.jpg 1024w, http:\/\/isas.com.br\/wp-content\/uploads\/2024\/02\/hidro-300x291.jpg 300w, http:\/\/isas.com.br\/wp-content\/uploads\/2024\/02\/hidro-768x745.jpg 768w, http:\/\/isas.com.br\/wp-content\/uploads\/2024\/02\/hidro-50x50.jpg 50w, http:\/\/isas.com.br\/wp-content\/uploads\/2024\/02\/hidro.jpg 1080w\" sizes=\"(max-width: 1024px) 100vw, 1024px\" \/><\/a><\/figure>\n","protected":false},"excerpt":{"rendered":"<p>\u00a0 A hidroterapia, tamb\u00e9m conhecida como fisioterapia aqu\u00e1tica ou aquaterapia, \u00e9 uma atividade terap\u00eautica que consiste na realiza\u00e7\u00e3o de exerc\u00edcios dentro de uma piscina com \u00e1gua em torno dos 34.\u00ba, para acelerar a recupera\u00e7\u00e3o de atletas lesionados ou pacientes com artrite, por exemplo. Geralmente, a hidroterapia \u00e9 feita por um fisioterapeuta e \u00e9 muito utilizada [&hellip;]<\/p>\n","protected":false},"author":1,"featured_media":0,"parent":0,"menu_order":0,"comment_status":"open","ping_status":"open","template":"","meta":[],"_links":{"self":[{"href":"http:\/\/isas.com.br\/index.php\/wp-json\/wp\/v2\/pages\/144"}],"collection":[{"href":"http:\/\/isas.com.br\/index.php\/wp-json\/wp\/v2\/pages"}],"about":[{"href":"http:\/\/isas.com.br\/index.php\/wp-json\/wp\/v2\/types\/page"}],"author":[{"embeddable":true,"href":"http:\/\/isas.com.br\/index.php\/wp-json\/wp\/v2\/users\/1"}],"replies":[{"embeddable":true,"href":"http:\/\/isas.com.br\/index.php\/wp-json\/wp\/v2\/comments?post=144"}],"version-history":[{"count":11,"href":"http:\/\/isas.com.br\/index.php\/wp-json\/wp\/v2\/pages\/144\/revisions"}],"predecessor-version":[{"id":1926,"href":"http:\/\/isas.com.br\/index.php\/wp-json\/wp\/v2\/pages\/144\/revisions\/1926"}],"wp:attachment":[{"href":"http:\/\/isas.com.br\/index.php\/wp-json\/wp\/v2\/media?parent=144"}],"curies":[{"name":"wp","href":"https:\/\/api.w.org\/{rel}","templated":true}]}}