{"id":117,"date":"2015-05-28T12:19:53","date_gmt":"2015-05-28T12:19:53","guid":{"rendered":"http:\/\/isas.com.br\/?page_id=117"},"modified":"2023-10-24T12:20:55","modified_gmt":"2023-10-24T12:20:55","slug":"cursos","status":"publish","type":"page","link":"http:\/\/isas.com.br\/index.php\/cursos\/","title":{"rendered":"Cursos e Palestras"},"content":{"rendered":"\n<h3 class=\"wp-block-heading\">&nbsp;<\/h3>\n\n\n\n<figure class=\"wp-block-image size-large\"><a href=\"http:\/\/isas.com.br\/wp-content\/uploads\/2023\/10\/CURSO.jpg\"><img decoding=\"async\" loading=\"lazy\" width=\"1024\" height=\"1024\" src=\"http:\/\/isas.com.br\/wp-content\/uploads\/2023\/10\/CURSO-1024x1024.jpg\" alt=\"\" class=\"wp-image-1811\" srcset=\"http:\/\/isas.com.br\/wp-content\/uploads\/2023\/10\/CURSO-1024x1024.jpg 1024w, http:\/\/isas.com.br\/wp-content\/uploads\/2023\/10\/CURSO-300x300.jpg 300w, http:\/\/isas.com.br\/wp-content\/uploads\/2023\/10\/CURSO-150x150.jpg 150w, http:\/\/isas.com.br\/wp-content\/uploads\/2023\/10\/CURSO-768x768.jpg 768w, http:\/\/isas.com.br\/wp-content\/uploads\/2023\/10\/CURSO-50x50.jpg 50w, http:\/\/isas.com.br\/wp-content\/uploads\/2023\/10\/CURSO-100x100.jpg 100w, http:\/\/isas.com.br\/wp-content\/uploads\/2023\/10\/CURSO.jpg 1080w\" sizes=\"(max-width: 1024px) 100vw, 1024px\" \/><\/a><\/figure>\n\n\n\n<figure class=\"wp-block-image size-large\"><a href=\"http:\/\/isas.com.br\/wp-content\/uploads\/2023\/10\/CURSO2.jpg\"><img decoding=\"async\" loading=\"lazy\" width=\"1024\" height=\"1024\" src=\"http:\/\/isas.com.br\/wp-content\/uploads\/2023\/10\/CURSO2-1024x1024.jpg\" alt=\"\" class=\"wp-image-1815\" srcset=\"http:\/\/isas.com.br\/wp-content\/uploads\/2023\/10\/CURSO2-1024x1024.jpg 1024w, http:\/\/isas.com.br\/wp-content\/uploads\/2023\/10\/CURSO2-300x300.jpg 300w, http:\/\/isas.com.br\/wp-content\/uploads\/2023\/10\/CURSO2-150x150.jpg 150w, http:\/\/isas.com.br\/wp-content\/uploads\/2023\/10\/CURSO2-768x768.jpg 768w, http:\/\/isas.com.br\/wp-content\/uploads\/2023\/10\/CURSO2-50x50.jpg 50w, http:\/\/isas.com.br\/wp-content\/uploads\/2023\/10\/CURSO2-100x100.jpg 100w, http:\/\/isas.com.br\/wp-content\/uploads\/2023\/10\/CURSO2.jpg 1080w\" sizes=\"(max-width: 1024px) 100vw, 1024px\" \/><\/a><\/figure>\n\n\n\n<h4 class=\"wp-block-heading\"><em><strong><span style=\"color: #0000ff;\"> O DRY NEEDLING \u00e9 uma POTENTE FERRAMENTA para al\u00edvio de dores.&nbsp;<br>Acertar no tratamento do seu paciente e fideliz\u00e1-lo, \u00e9 a combina\u00e7\u00e3o mais lucrativa que existe. &#x1f911;<br>Imagine conseguir proporcionar o al\u00edvio da dor referida do seu paciente logo na primeira sess\u00e3o? \u00c9 isso que o CURSO DRY NEEDLING possibilita. <br>Com ele voc\u00ea vai aprender a dominar a avalia\u00e7\u00e3o de dor referida miofascial a fim de obter um diagn\u00f3stico preciso e proporcionar resultados eficientes e instant\u00e2neos.<br>O curso conta com suporte te\u00f3rico e pr\u00e1tico, a fim de trazer pra voc\u00ea o maior n\u00edvel de aprendizado e viv\u00eancia necess\u00e1ria para o mercado de trabalho. &#x1f4da;&#x1f4d6;&#x1f4aa;<br>Essa \u00e9 a sua chance de transformar e valorizar seus atendimentos. Espero que voc\u00ea n\u00e3o fique de fora! <br>Clique no contato a seguir e saiba maiores informa\u00e7\u00f5es:<br>(34)99198-4812<\/span><\/strong><\/em><\/h4>\n","protected":false},"excerpt":{"rendered":"<p>&nbsp; O DRY NEEDLING \u00e9 uma POTENTE FERRAMENTA para al\u00edvio de dores.&nbsp;Acertar no tratamento do seu paciente e fideliz\u00e1-lo, \u00e9 a combina\u00e7\u00e3o mais lucrativa que existe. &#x1f911;Imagine conseguir proporcionar o al\u00edvio da dor referida do seu paciente logo na primeira sess\u00e3o? \u00c9 isso que o CURSO DRY NEEDLING possibilita. Com ele voc\u00ea vai aprender a [&hellip;]<\/p>\n","protected":false},"author":1,"featured_media":0,"parent":0,"menu_order":0,"comment_status":"open","ping_status":"open","template":"","meta":[],"_links":{"self":[{"href":"http:\/\/isas.com.br\/index.php\/wp-json\/wp\/v2\/pages\/117"}],"collection":[{"href":"http:\/\/isas.com.br\/index.php\/wp-json\/wp\/v2\/pages"}],"about":[{"href":"http:\/\/isas.com.br\/index.php\/wp-json\/wp\/v2\/types\/page"}],"author":[{"embeddable":true,"href":"http:\/\/isas.com.br\/index.php\/wp-json\/wp\/v2\/users\/1"}],"replies":[{"embeddable":true,"href":"http:\/\/isas.com.br\/index.php\/wp-json\/wp\/v2\/comments?post=117"}],"version-history":[{"count":28,"href":"http:\/\/isas.com.br\/index.php\/wp-json\/wp\/v2\/pages\/117\/revisions"}],"predecessor-version":[{"id":1816,"href":"http:\/\/isas.com.br\/index.php\/wp-json\/wp\/v2\/pages\/117\/revisions\/1816"}],"wp:attachment":[{"href":"http:\/\/isas.com.br\/index.php\/wp-json\/wp\/v2\/media?parent=117"}],"curies":[{"name":"wp","href":"https:\/\/api.w.org\/{rel}","templated":true}]}}